{"id":2437,"date":"2023-07-15T09:29:58","date_gmt":"2023-07-15T09:29:58","guid":{"rendered":"https:\/\/eda.heliotronic.info\/gyoergy-konrad-award\/"},"modified":"2023-12-05T14:40:44","modified_gmt":"2023-12-05T14:40:44","slug":"gyoergy-konrad-award","status":"publish","type":"page","link":"https:\/\/eda.heliotronic.info\/en\/cultural-promotion\/gyoergy-konrad-award\/","title":{"rendered":"Gy\u00f6rgy Konrad Award"},"content":{"rendered":"<p><div class=\"fusion-fullwidth fullwidth-box fusion-builder-row-1 fusion-flex-container has-pattern-background has-mask-background fusion-parallax-none hundred-percent-fullwidth non-hundred-percent-height-scrolling\" style=\"--awb-border-radius-top-left:0px;--awb-border-radius-top-right:0px;--awb-border-radius-bottom-right:0px;--awb-border-radius-bottom-left:0px;--awb-margin-top:0px;--awb-min-height:700px;--awb-background-image:url(&quot;https:\/\/eda.heliotronic.info\/wp-content\/uploads\/2023\/09\/header-gyo\u2560ergy-konrad.jpg&quot;);--awb-background-size:cover;--awb-flex-wrap:wrap;\" ><div class=\"fusion-builder-row fusion-row fusion-flex-align-items-flex-start fusion-flex-content-wrap\" style=\"width:104% !important;max-width:104% !important;margin-left: calc(-4% \/ 2 );margin-right: calc(-4% \/ 2 );\"><div class=\"fusion-layout-column fusion_builder_column fusion-builder-column-0 fusion_builder_column_1_1 1_1 fusion-flex-column fusion-flex-align-self-center\" style=\"--awb-bg-size:cover;--awb-width-large:100%;--awb-margin-top-large:0px;--awb-spacing-right-large:1.92%;--awb-margin-bottom-large:20px;--awb-spacing-left-large:1.92%;--awb-width-medium:100%;--awb-order-medium:0;--awb-spacing-right-medium:1.92%;--awb-spacing-left-medium:1.92%;--awb-width-small:100%;--awb-order-small:0;--awb-spacing-right-small:1.92%;--awb-spacing-left-small:1.92%;\" data-scroll-devices=\"small-visibility,medium-visibility,large-visibility\"><div class=\"fusion-column-wrapper fusion-column-has-shadow fusion-flex-justify-content-center fusion-content-layout-column\"><div class=\"fusion-title title fusion-title-1 fusion-sep-none fusion-title-center fusion-title-text fusion-title-size-six\"><h6 class=\"fusion-title-heading title-heading-center\" style=\"margin:0;\">Gy\u00f6rgy Konrad Award<\/h6><\/div><\/div><\/div><\/div><\/div><div class=\"fusion-fullwidth fullwidth-box fusion-builder-row-2 fusion-flex-container has-pattern-background has-mask-background fusion-parallax-none nonhundred-percent-fullwidth non-hundred-percent-height-scrolling\" style=\"--awb-border-radius-top-left:0px;--awb-border-radius-top-right:0px;--awb-border-radius-bottom-right:0px;--awb-border-radius-bottom-left:0px;--awb-padding-top:60px;--awb-padding-bottom:60px;--awb-background-image:url(&quot;https:\/\/eda.heliotronic.info\/wp-content\/uploads\/2023\/07\/kultur-1.jpg&quot;);--awb-background-size:cover;--awb-flex-wrap:wrap;\" ><div class=\"fusion-builder-row fusion-row fusion-flex-align-items-flex-start fusion-flex-content-wrap\" style=\"max-width:1248px;margin-left: calc(-4% \/ 2 );margin-right: calc(-4% \/ 2 );\"><div class=\"fusion-layout-column fusion_builder_column fusion-builder-column-1 fusion_builder_column_1_1 1_1 fusion-flex-column\" style=\"--awb-bg-size:cover;--awb-width-large:100%;--awb-margin-top-large:0px;--awb-spacing-right-large:1.92%;--awb-margin-bottom-large:20px;--awb-spacing-left-large:1.92%;--awb-width-medium:100%;--awb-order-medium:0;--awb-spacing-right-medium:1.92%;--awb-spacing-left-medium:1.92%;--awb-width-small:100%;--awb-order-small:0;--awb-spacing-right-small:1.92%;--awb-spacing-left-small:1.92%;\"><div class=\"fusion-column-wrapper fusion-column-has-shadow fusion-flex-justify-content-flex-start fusion-content-layout-column\"><div class=\"fusion-title title fusion-title-2 fusion-sep-none fusion-title-center fusion-title-text fusion-title-size-one\" style=\"--awb-text-color:var(--awb-color1);\"><h1 class=\"fusion-title-heading title-heading-center\" style=\"margin:0;\">Gy\u00f6rgy Konrad Award<\/h1><\/div><div class=\"fusion-section-separator section-separator custom fusion-section-separator-1 whiteline\" style=\"--awb-svg-margin-left:1.92%;--awb-svg-margin-right:1.92%;--awb-svg-margin-left-medium:1.92%;--awb-svg-margin-right-medium:1.92%;--awb-svg-margin-left-small:1.92%;--awb-svg-margin-right-small:1.92%;\"><div class=\"fusion-section-separator-svg\"><\/div><div class=\"fusion-section-separator-spacer\"><div class=\"fusion-section-separator-spacer-height\"><\/div><\/div><\/div>\n<div class=\"fusion-text fusion-text-1 zitat\" style=\"--awb-content-alignment:center;\"><p style=\"text-align: center;\">for democracy, freedom of opinion and human dignity<br \/>\nin the Danube region<\/p>\n<\/div><div class=\"fusion-section-separator section-separator custom fusion-section-separator-2 whiteline\" style=\"--awb-svg-margin-left:1.92%;--awb-svg-margin-right:1.92%;--awb-svg-margin-left-medium:1.92%;--awb-svg-margin-right-medium:1.92%;--awb-svg-margin-left-small:1.92%;--awb-svg-margin-right-small:1.92%;\"><div class=\"fusion-section-separator-svg\"><\/div><div class=\"fusion-section-separator-spacer\"><div class=\"fusion-section-separator-spacer-height\"><\/div><\/div><\/div>\n<div class=\"fusion-image-element \" style=\"text-align:center;--awb-max-width:200px;--awb-caption-title-font-family:var(--h2_typography-font-family);--awb-caption-title-font-weight:var(--h2_typography-font-weight);--awb-caption-title-font-style:var(--h2_typography-font-style);--awb-caption-title-size:var(--h2_typography-font-size);--awb-caption-title-transform:var(--h2_typography-text-transform);--awb-caption-title-line-height:var(--h2_typography-line-height);--awb-caption-title-letter-spacing:var(--h2_typography-letter-spacing);\"><span class=\" fusion-imageframe imageframe-none imageframe-1 hover-type-none\"><img decoding=\"async\" width=\"452\" height=\"447\" title=\"gk2\" src=\"https:\/\/eda.heliotronic.info\/wp-content\/uploads\/2023\/07\/gk2.jpg\" alt class=\"img-responsive wp-image-2343\" srcset=\"https:\/\/eda.heliotronic.info\/wp-content\/uploads\/2023\/07\/gk2-200x198.jpg 200w, https:\/\/eda.heliotronic.info\/wp-content\/uploads\/2023\/07\/gk2-400x396.jpg 400w, https:\/\/eda.heliotronic.info\/wp-content\/uploads\/2023\/07\/gk2.jpg 452w\" sizes=\"(max-width: 640px) 100vw, 452px\" \/><\/span><\/div><div class=\"fusion-text fusion-text-2\" style=\"--awb-text-color:var(--awb-color1);--awb-margin-top:30px;\"><p>The Gy\u00f6rgy Konr\u00e1d Prize is an award for democracy, freedom of expression and human dignity in the Danube region in honor of the Hungarian writer Gy\u00f6rgy Konr\u00e1d. Gy\u00f6rgy Konr\u00e1d, born in 1933, died in Budapest on September 13, 2019 at the age of 86. In his literary work, Konr\u00e1d repeatedly dealt with National Socialism and its consequences. Konr\u00e1d, himself the son of a Jewish family, survived the Holocaust as a child and many of his relatives were murdered. He processed this experience in his novel &#8220;Gl\u00fcck&#8221; (Happiness).<\/p>\n<p>Konr\u00e1d achieved international fame with his novel &#8220;The Visitor&#8221;, published in 1969, and his other important works include &#8220;Ghost Festival&#8221; (1986) and, most recently, &#8220;Guest Book &#8211; Reflections on Freedom&#8221; (2016). Konrad&#8217;s work put him in opposition to the communist regime in Hungary, and he was not allowed to publish between 1978 and 1988. Alongside Adam Michnik and V\u00e1clav Havel, he was one of the best-known dissidents and civil rights activists before the fall of the Iron Curtain in 1989. Konr\u00e1d has received numerous awards and honors, including the Peace Prize of the German Federal Republic.<br \/>\nbook trade, the Herder Prize and the International Charlemagne Prize. From 1990 to 1993 he was president of the international PEN and from 1997 to 2003 president of the Akademie der K\u00fcnste in Berlin.<\/p>\n<\/div><\/div><\/div><\/div><\/div><div class=\"fusion-fullwidth fullwidth-box fusion-builder-row-3 fusion-flex-container has-pattern-background has-mask-background nonhundred-percent-fullwidth non-hundred-percent-height-scrolling\" style=\"--awb-border-radius-top-left:0px;--awb-border-radius-top-right:0px;--awb-border-radius-bottom-right:0px;--awb-border-radius-bottom-left:0px;--awb-padding-top:40px;--awb-background-image:linear-gradient(90deg, var(--awb-color1) 0%,var(--awb-color3) 100%);--awb-flex-wrap:wrap;\" ><div class=\"fusion-builder-row fusion-row fusion-flex-align-items-flex-start fusion-flex-content-wrap\" style=\"max-width:1248px;margin-left: calc(-4% \/ 2 );margin-right: calc(-4% \/ 2 );\"><div class=\"fusion-layout-column fusion_builder_column fusion-builder-column-2 fusion_builder_column_1_1 1_1 fusion-flex-column\" style=\"--awb-bg-size:cover;--awb-width-large:100%;--awb-margin-top-large:0px;--awb-spacing-right-large:1.92%;--awb-margin-bottom-large:20px;--awb-spacing-left-large:1.92%;--awb-width-medium:100%;--awb-order-medium:0;--awb-spacing-right-medium:1.92%;--awb-spacing-left-medium:1.92%;--awb-width-small:100%;--awb-order-small:0;--awb-spacing-right-small:1.92%;--awb-spacing-left-small:1.92%;\" data-scroll-devices=\"small-visibility,medium-visibility,large-visibility\"><div class=\"fusion-column-wrapper fusion-column-has-shadow fusion-flex-justify-content-flex-start fusion-content-layout-column\"><div class=\"fusion-text fusion-text-3\" style=\"--awb-margin-top:40px;\"><p><strong>Purpose<\/strong><br \/>\nThe Gy\u00f6rgy Konr\u00e1d Prize sends out a democratic and civil rights signal in a European region &#8211; the Danube region &#8211; which is still in the process of developing in terms of the rule of law, liberal principles, freedom of expression, adherence to European values and commitment to human dignity.<\/p>\n<p><strong>Award winner<\/strong><br \/>\nThe Gy\u00f6rgy Konr\u00e1d Prize is awarded to outstanding personalities from politics, culture and society or civil society organizations who have rendered outstanding services to democratic and civil rights development, the fight against nationalism, populism and discrimination against minorities and the strengthening of civil rights and civil society development and for the dignity of people in the European Danube region.<\/p>\n<p><strong>Financing<\/strong><br \/>\nThe prize is financed by supporters and sponsors of the idea of a Gy\u00f6rgy Konr\u00e1d Prize.<\/p>\n<p><strong>International jury<\/strong><br \/>\nThe winner is chosen by a jury<\/p>\n<p><strong>Sponsors<\/strong> (institutions responsible for the organization)<br \/>\nInstitute for the Danube Region and Central Europe (IDM), Vienna European Danube Academy (EDA) Ulm<\/p>\n<p><strong>Right of proposal<\/strong><br \/>\nThe right to nominate candidates for the Gy\u00f6rgy Konr\u00e1d Prize lies with the members of the jury and the boards of the sponsoring institutions.<\/p>\n<p>The first award ceremony took place on September 17, 2021 at the German Embassy in Budapest at the invitation of Ambassador Johannes Haindl as part of the Budapest Forum. The first winner of the award was the independent Hungarian news portal TELEX.hu.<\/p>\n<p>With the kind support of Prof. Dr. Ulrich Klemm.<\/p>\n<\/div><\/div><\/div><\/div><\/div><\/p>\n","protected":false},"excerpt":{"rendered":"","protected":false},"author":1,"featured_media":0,"parent":2455,"menu_order":0,"comment_status":"closed","ping_status":"closed","template":"100-width.php","meta":{"footnotes":""},"class_list":["post-2437","page","type-page","status-publish","hentry"],"_links":{"self":[{"href":"https:\/\/eda.heliotronic.info\/en\/wp-json\/wp\/v2\/pages\/2437","targetHints":{"allow":["GET"]}}],"collection":[{"href":"https:\/\/eda.heliotronic.info\/en\/wp-json\/wp\/v2\/pages"}],"about":[{"href":"https:\/\/eda.heliotronic.info\/en\/wp-json\/wp\/v2\/types\/page"}],"author":[{"embeddable":true,"href":"https:\/\/eda.heliotronic.info\/en\/wp-json\/wp\/v2\/users\/1"}],"replies":[{"embeddable":true,"href":"https:\/\/eda.heliotronic.info\/en\/wp-json\/wp\/v2\/comments?post=2437"}],"version-history":[{"count":2,"href":"https:\/\/eda.heliotronic.info\/en\/wp-json\/wp\/v2\/pages\/2437\/revisions"}],"predecessor-version":[{"id":2439,"href":"https:\/\/eda.heliotronic.info\/en\/wp-json\/wp\/v2\/pages\/2437\/revisions\/2439"}],"up":[{"embeddable":true,"href":"https:\/\/eda.heliotronic.info\/en\/wp-json\/wp\/v2\/pages\/2455"}],"wp:attachment":[{"href":"https:\/\/eda.heliotronic.info\/en\/wp-json\/wp\/v2\/media?parent=2437"}],"curies":[{"name":"wp","href":"https:\/\/api.w.org\/{rel}","templated":true}]}}